{"id":12326,"date":"2023-03-25T15:58:44","date_gmt":"2023-03-25T12:58:44","guid":{"rendered":"https:\/\/rzarda.com.tr\/kariyer\/"},"modified":"2025-04-25T14:20:48","modified_gmt":"2025-04-25T11:20:48","slug":"career","status":"publish","type":"page","link":"https:\/\/rzarda.com.tr\/en\/career\/","title":{"rendered":"Career"},"content":{"rendered":"\t\t<div data-elementor-type=\"wp-page\" data-elementor-id=\"12326\" class=\"elementor elementor-12326 elementor-9613\" data-elementor-post-type=\"page\">\n\t\t\t\t\t\t<section class=\"elementor-section elementor-top-section elementor-element elementor-element-6f12d8c elementor-section-boxed elementor-section-height-default elementor-section-height-default wd-section-disabled\" data-id=\"6f12d8c\" data-element_type=\"section\">\n\t\t\t\t\t\t<div class=\"elementor-container elementor-column-gap-default\">\n\t\t\t\t\t<div class=\"elementor-column elementor-col-50 elementor-top-column elementor-element elementor-element-84dcaac\" data-id=\"84dcaac\" data-element_type=\"column\">\n\t\t\t<div class=\"elementor-widget-wrap elementor-element-populated\">\n\t\t\t\t\t\t<div class=\"elementor-element elementor-element-1c57b3e elementor-widget elementor-widget-image\" data-id=\"1c57b3e\" data-element_type=\"widget\" data-widget_type=\"image.default\">\n\t\t\t\t<div class=\"elementor-widget-container\">\n\t\t\t\t\t\t\t\t\t\t\t\t\t\t\t<img fetchpriority=\"high\" decoding=\"async\" width=\"500\" height=\"600\" src=\"https:\/\/rzarda.com.tr\/wp-content\/uploads\/2023\/03\/kariyer.webp\" class=\"attachment-full size-full wp-image-11847\" alt=\"\" srcset=\"https:\/\/rzarda.com.tr\/wp-content\/uploads\/2023\/03\/kariyer.webp 500w, https:\/\/rzarda.com.tr\/wp-content\/uploads\/2023\/03\/kariyer-250x300.webp 250w\" sizes=\"(max-width: 500px) 100vw, 500px\" \/>\t\t\t\t\t\t\t\t\t\t\t\t\t\t\t<\/div>\n\t\t\t\t<\/div>\n\t\t\t\t\t<\/div>\n\t\t<\/div>\n\t\t\t\t<div class=\"elementor-column elementor-col-50 elementor-top-column elementor-element elementor-element-e6d4aef\" data-id=\"e6d4aef\" data-element_type=\"column\">\n\t\t\t<div class=\"elementor-widget-wrap elementor-element-populated\">\n\t\t\t\t\t\t<div class=\"elementor-element elementor-element-ee12690 elementor-widget elementor-widget-wd_title\" data-id=\"ee12690\" data-element_type=\"widget\" data-widget_type=\"wd_title.default\">\n\t\t\t\t<div class=\"elementor-widget-container\">\n\t\t\t\t\t\t\t\t<link rel=\"stylesheet\" id=\"wd-section-title-css\" href=\"https:\/\/rzarda.com.tr\/rz_arda\/css\/parts\/el-section-title.min.css?ver=7.1.4\" type=\"text\/css\" media=\"all\" \/> \t\t\t\t\t<div class=\"title-wrapper set-mb-s reset-last-child wd-title-color-primary wd-title-style-simple wd-title-size-extra-large text-left\">\n\n\t\t\t\n\t\t\t<div class=\"liner-continer\">\n\t\t\t\t<h2 class=\"woodmart-title-container title wd-fontsize-xxxl\"><span class=\"maviyazi\">JOIN<\/span> US<\/h2> \n\t\t\t\t\t\t\t<\/div>\n\n\t\t\t\t\t\t\t<div class=\"title-after_title set-cont-mb-s reset-last-child wd-fontsize-s\">\n\t\t\t\t\t<p>Open a new page in your career by filling out the form.<\/p>\t\t\t\t<\/div>\n\t\t\t\t\t<\/div>\n\t\t\t\t\t\t<\/div>\n\t\t\t\t<\/div>\n\t\t\t\t<div class=\"elementor-element elementor-element-2406e91 elementor-button-align-stretch elementor-widget elementor-widget-form\" data-id=\"2406e91\" data-element_type=\"widget\" data-settings=\"{&quot;step_next_label&quot;:&quot;Next&quot;,&quot;step_previous_label&quot;:&quot;Previous&quot;,&quot;button_width&quot;:&quot;100&quot;,&quot;step_type&quot;:&quot;number_text&quot;,&quot;step_icon_shape&quot;:&quot;circle&quot;}\" data-widget_type=\"form.default\">\n\t\t\t\t<div class=\"elementor-widget-container\">\n\t\t\t\t\t\t\t<form class=\"elementor-form\" method=\"post\" id=\"kariyer_form\" name=\"Kariyer Form\">\n\t\t\t<input type=\"hidden\" name=\"post_id\" value=\"12326\"\/>\n\t\t\t<input type=\"hidden\" name=\"form_id\" value=\"2406e91\"\/>\n\t\t\t<input type=\"hidden\" name=\"referer_title\" value=\"RZ Arda \u0130n\u015faat\" \/>\n\n\t\t\t\n\t\t\t<div class=\"elementor-form-fields-wrapper elementor-labels-above\">\n\t\t\t\t\t\t\t\t<div class=\"elementor-field-type-text elementor-field-group elementor-column elementor-field-group-name elementor-col-50 elementor-field-required elementor-mark-required\">\n\t\t\t\t\t\t\t\t\t\t\t\t<label for=\"form-field-name\" class=\"elementor-field-label\">\n\t\t\t\t\t\t\t\tName\t\t\t\t\t\t\t<\/label>\n\t\t\t\t\t\t\t\t\t\t\t\t\t\t<input size=\"1\" type=\"text\" name=\"form_fields[name]\" id=\"form-field-name\" class=\"elementor-field elementor-size-sm  elementor-field-textual\" placeholder=\"Name\" required=\"required\">\n\t\t\t\t\t\t\t\t\t\t\t<\/div>\n\t\t\t\t\t\t\t\t<div class=\"elementor-field-type-text elementor-field-group elementor-column elementor-field-group-field_fe7fd4d elementor-col-50 elementor-field-required elementor-mark-required\">\n\t\t\t\t\t\t\t\t\t\t\t\t<label for=\"form-field-field_fe7fd4d\" class=\"elementor-field-label\">\n\t\t\t\t\t\t\t\tLast Name\t\t\t\t\t\t\t<\/label>\n\t\t\t\t\t\t\t\t\t\t\t\t\t\t<input size=\"1\" type=\"text\" name=\"form_fields[field_fe7fd4d]\" id=\"form-field-field_fe7fd4d\" class=\"elementor-field elementor-size-sm  elementor-field-textual\" placeholder=\"Last Name\" required=\"required\">\n\t\t\t\t\t\t\t\t\t\t\t<\/div>\n\t\t\t\t\t\t\t\t<div class=\"elementor-field-type-text elementor-field-group elementor-column elementor-field-group-field_eafb1d4 elementor-col-33\">\n\t\t\t\t\t\t\t\t\t\t\t\t<label for=\"form-field-field_eafb1d4\" class=\"elementor-field-label\">\n\t\t\t\t\t\t\t\tPlace of Birth\t\t\t\t\t\t\t<\/label>\n\t\t\t\t\t\t\t\t\t\t\t\t\t\t<input size=\"1\" type=\"text\" name=\"form_fields[field_eafb1d4]\" id=\"form-field-field_eafb1d4\" class=\"elementor-field elementor-size-sm  elementor-field-textual\" placeholder=\"Place of Birth\">\n\t\t\t\t\t\t\t\t\t\t\t<\/div>\n\t\t\t\t\t\t\t\t<div class=\"elementor-field-type-text elementor-field-group elementor-column elementor-field-group-field_2c2dc07 elementor-col-33\">\n\t\t\t\t\t\t\t\t\t\t\t\t<label for=\"form-field-field_2c2dc07\" class=\"elementor-field-label\">\n\t\t\t\t\t\t\t\tDate of Birth\t\t\t\t\t\t\t<\/label>\n\t\t\t\t\t\t\t\t\t\t\t\t\t\t<input size=\"1\" type=\"text\" name=\"form_fields[field_2c2dc07]\" id=\"form-field-field_2c2dc07\" class=\"elementor-field elementor-size-sm  elementor-field-textual\" placeholder=\"Date of Birth\">\n\t\t\t\t\t\t\t\t\t\t\t<\/div>\n\t\t\t\t\t\t\t\t<div class=\"elementor-field-type-select elementor-field-group elementor-column elementor-field-group-field_faa2987 elementor-col-33\">\n\t\t\t\t\t\t\t\t\t\t\t\t<label for=\"form-field-field_faa2987\" class=\"elementor-field-label\">\n\t\t\t\t\t\t\t\tGender\t\t\t\t\t\t\t<\/label>\n\t\t\t\t\t\t\t\t<div class=\"elementor-field elementor-select-wrapper remove-before \">\n\t\t\t<div class=\"select-caret-down-wrapper\">\n\t\t\t\t<i aria-hidden=\"true\" class=\"eicon-caret-down\"><\/i>\t\t\t<\/div>\n\t\t\t<select name=\"form_fields[field_faa2987]\" id=\"form-field-field_faa2987\" class=\"elementor-field-textual elementor-size-sm\">\n\t\t\t\t\t\t\t\t\t<option value=\"Select\">Select<\/option>\n\t\t\t\t\t\t\t\t\t<option value=\"Man\">Man<\/option>\n\t\t\t\t\t\t\t\t\t<option value=\"Woman\">Woman<\/option>\n\t\t\t\t\t\t\t\t\t<option value=\"\"><\/option>\n\t\t\t\t\t\t\t<\/select>\n\t\t<\/div>\n\t\t\t\t\t\t<\/div>\n\t\t\t\t\t\t\t\t<div class=\"elementor-field-type-email elementor-field-group elementor-column elementor-field-group-email elementor-col-50 elementor-field-required elementor-mark-required\">\n\t\t\t\t\t\t\t\t\t\t\t\t<label for=\"form-field-email\" class=\"elementor-field-label\">\n\t\t\t\t\t\t\t\tE-Mail Address\t\t\t\t\t\t\t<\/label>\n\t\t\t\t\t\t\t\t\t\t\t\t\t\t<input size=\"1\" type=\"email\" name=\"form_fields[email]\" id=\"form-field-email\" class=\"elementor-field elementor-size-sm  elementor-field-textual\" placeholder=\"E-Mail Address\" required=\"required\">\n\t\t\t\t\t\t\t\t\t\t\t<\/div>\n\t\t\t\t\t\t\t\t<div class=\"elementor-field-type-tel elementor-field-group elementor-column elementor-field-group-field_8617968 elementor-col-50 elementor-field-required elementor-mark-required\">\n\t\t\t\t\t\t\t\t\t\t\t\t<label for=\"form-field-field_8617968\" class=\"elementor-field-label\">\n\t\t\t\t\t\t\t\tPhone Number\t\t\t\t\t\t\t<\/label>\n\t\t\t\t\t\t\t\t<input size=\"1\" type=\"tel\" name=\"form_fields[field_8617968]\" id=\"form-field-field_8617968\" class=\"elementor-field elementor-size-sm  elementor-field-textual\" placeholder=\"Phone Number\" required=\"required\" pattern=\"[0-9()#&amp;+*-=.]+\" title=\"Only numbers and phone characters (#, -, *, etc) are accepted.\">\n\n\t\t\t\t\t\t<\/div>\n\t\t\t\t\t\t\t\t<div class=\"elementor-field-type-upload elementor-field-group elementor-column elementor-field-group-field_242759e elementor-col-100 elementor-field-required elementor-mark-required\">\n\t\t\t\t\t\t\t\t\t\t\t\t<label for=\"form-field-field_242759e\" class=\"elementor-field-label\">\n\t\t\t\t\t\t\t\tUpload your CV or Curriculum Vitae\t\t\t\t\t\t\t<\/label>\n\t\t\t\t\t\t\t\t<input type=\"file\" name=\"form_fields[field_242759e]\" id=\"form-field-field_242759e\" class=\"elementor-field elementor-size-sm  elementor-upload-field\" required=\"required\">\n\n\t\t\t\t\t\t<\/div>\n\t\t\t\t\t\t\t\t<div class=\"elementor-field-group elementor-column elementor-field-type-submit elementor-col-100 e-form__buttons\">\n\t\t\t\t\t<button class=\"elementor-button elementor-size-sm\" type=\"submit\">\n\t\t\t\t\t\t<span class=\"elementor-button-content-wrapper\">\n\t\t\t\t\t\t\t\t\t\t\t\t\t\t\t\t\t\t\t\t\t\t<span class=\"elementor-button-text\">SUBMIT<\/span>\n\t\t\t\t\t\t\t\t\t\t\t\t\t<\/span>\n\t\t\t\t\t<\/button>\n\t\t\t\t<\/div>\n\t\t\t<\/div>\n\t\t<\/form>\n\t\t\t\t\t\t<\/div>\n\t\t\t\t<\/div>\n\t\t\t\t\t<\/div>\n\t\t<\/div>\n\t\t\t\t\t<\/div>\n\t\t<\/section>\n\t\t\t\t<\/div>\n\t\t","protected":false},"excerpt":{"rendered":"<p>JOIN US Open a new page in your career by filling out the form.<\/p>\n","protected":false},"author":1,"featured_media":0,"parent":0,"menu_order":0,"comment_status":"closed","ping_status":"closed","template":"","meta":{"footnotes":""},"class_list":["post-12326","page","type-page","status-publish","hentry"],"yoast_head":"<!-- This site is optimized with the Yoast SEO plugin v25.4 - https:\/\/yoast.com\/wordpress\/plugins\/seo\/ -->\n<title>Career - RZ Arda \u0130n\u015faat - Kariyerinizde Yeni Bir Sayfa<\/title>\n<meta name=\"description\" content=\"Sitemizde bulunan kariyer formunu doldurarak RZ Arda \u0130n\u015faat ekibine kat\u0131labilir, kariyerinizde yeni bir sayfa a\u00e7abilirsiniz.\" \/>\n<meta name=\"robots\" content=\"index, follow, max-snippet:-1, max-image-preview:large, max-video-preview:-1\" \/>\n<link rel=\"canonical\" href=\"https:\/\/rzarda.com.tr\/en\/career\/\" \/>\n<meta property=\"og:locale\" content=\"en_US\" \/>\n<meta property=\"og:type\" content=\"article\" \/>\n<meta property=\"og:title\" content=\"Career - RZ Arda \u0130n\u015faat - Kariyerinizde Yeni Bir Sayfa\" \/>\n<meta property=\"og:description\" content=\"Sitemizde bulunan kariyer formunu doldurarak RZ Arda \u0130n\u015faat ekibine kat\u0131labilir, kariyerinizde yeni bir sayfa a\u00e7abilirsiniz.\" \/>\n<meta property=\"og:url\" content=\"https:\/\/rzarda.com.tr\/en\/career\/\" \/>\n<meta property=\"og:site_name\" content=\"RZ Arda \u0130n\u015faat\" \/>\n<meta property=\"article:modified_time\" content=\"2025-04-25T11:20:48+00:00\" \/>\n<meta property=\"og:image\" content=\"https:\/\/rzarda.com.tr\/wp-content\/uploads\/2023\/03\/kariyer.webp\" \/>\n\t<meta property=\"og:image:width\" content=\"500\" \/>\n\t<meta property=\"og:image:height\" content=\"600\" \/>\n\t<meta property=\"og:image:type\" content=\"image\/webp\" \/>\n<meta name=\"twitter:card\" content=\"summary_large_image\" \/>\n<meta name=\"twitter:label1\" content=\"Est. reading time\" \/>\n\t<meta name=\"twitter:data1\" content=\"1 minute\" \/>\n<script type=\"application\/ld+json\" class=\"yoast-schema-graph\">{\"@context\":\"https:\/\/schema.org\",\"@graph\":[{\"@type\":\"WebPage\",\"@id\":\"https:\/\/rzarda.com.tr\/en\/career\/\",\"url\":\"https:\/\/rzarda.com.tr\/en\/career\/\",\"name\":\"Career - RZ Arda \u0130n\u015faat - Kariyerinizde Yeni Bir Sayfa\",\"isPartOf\":{\"@id\":\"https:\/\/rzarda.com.tr\/en\/#website\"},\"primaryImageOfPage\":{\"@id\":\"https:\/\/rzarda.com.tr\/en\/career\/#primaryimage\"},\"image\":{\"@id\":\"https:\/\/rzarda.com.tr\/en\/career\/#primaryimage\"},\"thumbnailUrl\":\"https:\/\/rzarda.com.tr\/wp-content\/uploads\/2023\/03\/kariyer.webp\",\"datePublished\":\"2023-03-25T12:58:44+00:00\",\"dateModified\":\"2025-04-25T11:20:48+00:00\",\"description\":\"Sitemizde bulunan kariyer formunu doldurarak RZ Arda \u0130n\u015faat ekibine kat\u0131labilir, kariyerinizde yeni bir sayfa a\u00e7abilirsiniz.\",\"breadcrumb\":{\"@id\":\"https:\/\/rzarda.com.tr\/en\/career\/#breadcrumb\"},\"inLanguage\":\"en-US\",\"potentialAction\":[{\"@type\":\"ReadAction\",\"target\":[\"https:\/\/rzarda.com.tr\/en\/career\/\"]}]},{\"@type\":\"ImageObject\",\"inLanguage\":\"en-US\",\"@id\":\"https:\/\/rzarda.com.tr\/en\/career\/#primaryimage\",\"url\":\"https:\/\/rzarda.com.tr\/wp-content\/uploads\/2023\/03\/kariyer.webp\",\"contentUrl\":\"https:\/\/rzarda.com.tr\/wp-content\/uploads\/2023\/03\/kariyer.webp\"},{\"@type\":\"BreadcrumbList\",\"@id\":\"https:\/\/rzarda.com.tr\/en\/career\/#breadcrumb\",\"itemListElement\":[{\"@type\":\"ListItem\",\"position\":1,\"name\":\"Anasayfa\",\"item\":\"https:\/\/rzarda.com.tr\/en\/\"},{\"@type\":\"ListItem\",\"position\":2,\"name\":\"Career\"}]},{\"@type\":\"WebSite\",\"@id\":\"https:\/\/rzarda.com.tr\/en\/#website\",\"url\":\"https:\/\/rzarda.com.tr\/en\/\",\"name\":\"RZ Arda \u0130n\u015faat\",\"description\":\"Sakarya \u0130n\u015faat Firmas\u0131\",\"publisher\":{\"@id\":\"https:\/\/rzarda.com.tr\/en\/#organization\"},\"potentialAction\":[{\"@type\":\"SearchAction\",\"target\":{\"@type\":\"EntryPoint\",\"urlTemplate\":\"https:\/\/rzarda.com.tr\/en\/?s={search_term_string}\"},\"query-input\":{\"@type\":\"PropertyValueSpecification\",\"valueRequired\":true,\"valueName\":\"search_term_string\"}}],\"inLanguage\":\"en-US\"},{\"@type\":\"Organization\",\"@id\":\"https:\/\/rzarda.com.tr\/en\/#organization\",\"name\":\"RZ Arda \u0130n\u015faat\",\"url\":\"https:\/\/rzarda.com.tr\/en\/\",\"logo\":{\"@type\":\"ImageObject\",\"inLanguage\":\"en-US\",\"@id\":\"https:\/\/rzarda.com.tr\/en\/#\/schema\/logo\/image\/\",\"url\":\"https:\/\/rzarda.com.tr\/wp-content\/uploads\/2023\/03\/logo.png\",\"contentUrl\":\"https:\/\/rzarda.com.tr\/wp-content\/uploads\/2023\/03\/logo.png\",\"width\":130,\"height\":92,\"caption\":\"RZ Arda \u0130n\u015faat\"},\"image\":{\"@id\":\"https:\/\/rzarda.com.tr\/en\/#\/schema\/logo\/image\/\"}}]}<\/script>\n<!-- \/ Yoast SEO plugin. -->","yoast_head_json":{"title":"Career - RZ Arda \u0130n\u015faat - Kariyerinizde Yeni Bir Sayfa","description":"Sitemizde bulunan kariyer formunu doldurarak RZ Arda \u0130n\u015faat ekibine kat\u0131labilir, kariyerinizde yeni bir sayfa a\u00e7abilirsiniz.","robots":{"index":"index","follow":"follow","max-snippet":"max-snippet:-1","max-image-preview":"max-image-preview:large","max-video-preview":"max-video-preview:-1"},"canonical":"https:\/\/rzarda.com.tr\/en\/career\/","og_locale":"en_US","og_type":"article","og_title":"Career - RZ Arda \u0130n\u015faat - Kariyerinizde Yeni Bir Sayfa","og_description":"Sitemizde bulunan kariyer formunu doldurarak RZ Arda \u0130n\u015faat ekibine kat\u0131labilir, kariyerinizde yeni bir sayfa a\u00e7abilirsiniz.","og_url":"https:\/\/rzarda.com.tr\/en\/career\/","og_site_name":"RZ Arda \u0130n\u015faat","article_modified_time":"2025-04-25T11:20:48+00:00","og_image":[{"width":500,"height":600,"url":"https:\/\/rzarda.com.tr\/wp-content\/uploads\/2023\/03\/kariyer.webp","type":"image\/webp"}],"twitter_card":"summary_large_image","twitter_misc":{"Est. reading time":"1 minute"},"schema":{"@context":"https:\/\/schema.org","@graph":[{"@type":"WebPage","@id":"https:\/\/rzarda.com.tr\/en\/career\/","url":"https:\/\/rzarda.com.tr\/en\/career\/","name":"Career - RZ Arda \u0130n\u015faat - Kariyerinizde Yeni Bir Sayfa","isPartOf":{"@id":"https:\/\/rzarda.com.tr\/en\/#website"},"primaryImageOfPage":{"@id":"https:\/\/rzarda.com.tr\/en\/career\/#primaryimage"},"image":{"@id":"https:\/\/rzarda.com.tr\/en\/career\/#primaryimage"},"thumbnailUrl":"https:\/\/rzarda.com.tr\/wp-content\/uploads\/2023\/03\/kariyer.webp","datePublished":"2023-03-25T12:58:44+00:00","dateModified":"2025-04-25T11:20:48+00:00","description":"Sitemizde bulunan kariyer formunu doldurarak RZ Arda \u0130n\u015faat ekibine kat\u0131labilir, kariyerinizde yeni bir sayfa a\u00e7abilirsiniz.","breadcrumb":{"@id":"https:\/\/rzarda.com.tr\/en\/career\/#breadcrumb"},"inLanguage":"en-US","potentialAction":[{"@type":"ReadAction","target":["https:\/\/rzarda.com.tr\/en\/career\/"]}]},{"@type":"ImageObject","inLanguage":"en-US","@id":"https:\/\/rzarda.com.tr\/en\/career\/#primaryimage","url":"https:\/\/rzarda.com.tr\/wp-content\/uploads\/2023\/03\/kariyer.webp","contentUrl":"https:\/\/rzarda.com.tr\/wp-content\/uploads\/2023\/03\/kariyer.webp"},{"@type":"BreadcrumbList","@id":"https:\/\/rzarda.com.tr\/en\/career\/#breadcrumb","itemListElement":[{"@type":"ListItem","position":1,"name":"Anasayfa","item":"https:\/\/rzarda.com.tr\/en\/"},{"@type":"ListItem","position":2,"name":"Career"}]},{"@type":"WebSite","@id":"https:\/\/rzarda.com.tr\/en\/#website","url":"https:\/\/rzarda.com.tr\/en\/","name":"RZ Arda \u0130n\u015faat","description":"Sakarya \u0130n\u015faat Firmas\u0131","publisher":{"@id":"https:\/\/rzarda.com.tr\/en\/#organization"},"potentialAction":[{"@type":"SearchAction","target":{"@type":"EntryPoint","urlTemplate":"https:\/\/rzarda.com.tr\/en\/?s={search_term_string}"},"query-input":{"@type":"PropertyValueSpecification","valueRequired":true,"valueName":"search_term_string"}}],"inLanguage":"en-US"},{"@type":"Organization","@id":"https:\/\/rzarda.com.tr\/en\/#organization","name":"RZ Arda \u0130n\u015faat","url":"https:\/\/rzarda.com.tr\/en\/","logo":{"@type":"ImageObject","inLanguage":"en-US","@id":"https:\/\/rzarda.com.tr\/en\/#\/schema\/logo\/image\/","url":"https:\/\/rzarda.com.tr\/wp-content\/uploads\/2023\/03\/logo.png","contentUrl":"https:\/\/rzarda.com.tr\/wp-content\/uploads\/2023\/03\/logo.png","width":130,"height":92,"caption":"RZ Arda \u0130n\u015faat"},"image":{"@id":"https:\/\/rzarda.com.tr\/en\/#\/schema\/logo\/image\/"}}]}},"_links":{"self":[{"href":"https:\/\/rzarda.com.tr\/en\/wp-json\/wp\/v2\/pages\/12326","targetHints":{"allow":["GET"]}}],"collection":[{"href":"https:\/\/rzarda.com.tr\/en\/wp-json\/wp\/v2\/pages"}],"about":[{"href":"https:\/\/rzarda.com.tr\/en\/wp-json\/wp\/v2\/types\/page"}],"author":[{"embeddable":true,"href":"https:\/\/rzarda.com.tr\/en\/wp-json\/wp\/v2\/users\/1"}],"replies":[{"embeddable":true,"href":"https:\/\/rzarda.com.tr\/en\/wp-json\/wp\/v2\/comments?post=12326"}],"version-history":[{"count":10,"href":"https:\/\/rzarda.com.tr\/en\/wp-json\/wp\/v2\/pages\/12326\/revisions"}],"predecessor-version":[{"id":12450,"href":"https:\/\/rzarda.com.tr\/en\/wp-json\/wp\/v2\/pages\/12326\/revisions\/12450"}],"wp:attachment":[{"href":"https:\/\/rzarda.com.tr\/en\/wp-json\/wp\/v2\/media?parent=12326"}],"curies":[{"name":"wp","href":"https:\/\/api.w.org\/{rel}","templated":true}]}}