{"id":12313,"date":"2021-10-12T16:27:24","date_gmt":"2021-10-12T13:27:24","guid":{"rendered":"https:\/\/rzarda.com.tr\/iletisim\/"},"modified":"2025-04-24T17:15:24","modified_gmt":"2025-04-24T14:15:24","slug":"contact","status":"publish","type":"page","link":"https:\/\/rzarda.com.tr\/en\/contact\/","title":{"rendered":"Contact"},"content":{"rendered":"\t\t<div data-elementor-type=\"wp-page\" data-elementor-id=\"12313\" class=\"elementor elementor-12313 elementor-4439\" data-elementor-post-type=\"page\">\n\t\t\t\t\t\t<section class=\"elementor-section elementor-top-section elementor-element elementor-element-3eae2951 wd-section-stretch-content elementor-section-boxed elementor-section-height-default elementor-section-height-default\" data-id=\"3eae2951\" data-element_type=\"section\" data-settings=\"{&quot;background_background&quot;:&quot;classic&quot;}\">\n\t\t\t\t\t\t<div class=\"elementor-container elementor-column-gap-no\">\n\t\t\t\t\t<div class=\"elementor-column elementor-col-100 elementor-top-column elementor-element elementor-element-23fe8bcd\" data-id=\"23fe8bcd\" data-element_type=\"column\">\n\t\t\t<div class=\"elementor-widget-wrap elementor-element-populated\">\n\t\t\t\t\t\t<div class=\"elementor-element elementor-element-53b916a elementor-widget elementor-widget-wd_google_map\" data-id=\"53b916a\" data-element_type=\"widget\" data-widget_type=\"wd_google_map.default\">\n\t\t\t\t<div class=\"elementor-widget-container\">\n\t\t\t\t\t\t\t\t<link rel=\"stylesheet\" id=\"wd-map-css\" href=\"https:\/\/rzarda.com.tr\/rz_arda\/css\/parts\/el-map.min.css?ver=7.1.4\" type=\"text\/css\" media=\"all\" \/> \t\t\t\t\t\t<link rel=\"stylesheet\" id=\"wd-el-google-map-css\" href=\"https:\/\/rzarda.com.tr\/rz_arda\/css\/parts\/el-google-map.min.css?ver=7.1.4\" type=\"text\/css\" media=\"all\" \/> \t\t\t\t\t<div class=\"google-map-container wd-map-container\" data-map-args='{\"multiple_markers\":\"no\",\"latitude\":\"40.775028037862434\",\"longitude\":\"30.37920929389644\",\"zoom\":15,\"mouse_zoom\":\"no\",\"init_type\":\"page_load\",\"init_offset\":\"\",\"json_style\":\"WwogIHsKICAgICJlbGVtZW50VHlwZSI6ICJnZW9tZXRyeSIsCiAgICAic3R5bGVycyI6IFsKICAgICAgewogICAgICAgICJjb2xvciI6ICIjMjEyMTIxIgogICAgICB9CiAgICBdCiAgfSwKICB7CiAgICAiZWxlbWVudFR5cGUiOiAibGFiZWxzLmljb24iLAogICAgInN0eWxlcnMiOiBbCiAgICAgIHsKICAgICAgICAidmlzaWJpbGl0eSI6ICJvZmYiCiAgICAgIH0KICAgIF0KICB9LAogIHsKICAgICJlbGVtZW50VHlwZSI6ICJsYWJlbHMudGV4dC5maWxsIiwKICAgICJzdHlsZXJzIjogWwogICAgICB7CiAgICAgICAgImNvbG9yIjogIiM3NTc1NzUiCiAgICAgIH0KICAgIF0KICB9LAogIHsKICAgICJlbGVtZW50VHlwZSI6ICJsYWJlbHMudGV4dC5zdHJva2UiLAogICAgInN0eWxlcnMiOiBbCiAgICAgIHsKICAgICAgICAiY29sb3IiOiAiIzIxMjEyMSIKICAgICAgfQogICAgXQogIH0sCiAgewogICAgImZlYXR1cmVUeXBlIjogImFkbWluaXN0cmF0aXZlIiwKICAgICJlbGVtZW50VHlwZSI6ICJnZW9tZXRyeSIsCiAgICAic3R5bGVycyI6IFsKICAgICAgewogICAgICAgICJjb2xvciI6ICIjNzU3NTc1IgogICAgICB9CiAgICBdCiAgfSwKICB7CiAgICAiZmVhdHVyZVR5cGUiOiAiYWRtaW5pc3RyYXRpdmUuY291bnRyeSIsCiAgICAiZWxlbWVudFR5cGUiOiAibGFiZWxzLnRleHQuZmlsbCIsCiAgICAic3R5bGVycyI6IFsKICAgICAgewogICAgICAgICJjb2xvciI6ICIjOWU5ZTllIgogICAgICB9CiAgICBdCiAgfSwKICB7CiAgICAiZmVhdHVyZVR5cGUiOiAiYWRtaW5pc3RyYXRpdmUubGFuZF9wYXJjZWwiLAogICAgInN0eWxlcnMiOiBbCiAgICAgIHsKICAgICAgICAidmlzaWJpbGl0eSI6ICJvZmYiCiAgICAgIH0KICAgIF0KICB9LAogIHsKICAgICJmZWF0dXJlVHlwZSI6ICJhZG1pbmlzdHJhdGl2ZS5sb2NhbGl0eSIsCiAgICAiZWxlbWVudFR5cGUiOiAibGFiZWxzLnRleHQuZmlsbCIsCiAgICAic3R5bGVycyI6IFsKICAgICAgewogICAgICAgICJjb2xvciI6ICIjYmRiZGJkIgogICAgICB9CiAgICBdCiAgfSwKICB7CiAgICAiZmVhdHVyZVR5cGUiOiAicG9pIiwKICAgICJlbGVtZW50VHlwZSI6ICJsYWJlbHMudGV4dC5maWxsIiwKICAgICJzdHlsZXJzIjogWwogICAgICB7CiAgICAgICAgImNvbG9yIjogIiM3NTc1NzUiCiAgICAgIH0KICAgIF0KICB9LAogIHsKICAgICJmZWF0dXJlVHlwZSI6ICJwb2kucGFyayIsCiAgICAiZWxlbWVudFR5cGUiOiAiZ2VvbWV0cnkiLAogICAgInN0eWxlcnMiOiBbCiAgICAgIHsKICAgICAgICAiY29sb3IiOiAiIzE4MTgxOCIKICAgICAgfQogICAgXQogIH0sCiAgewogICAgImZlYXR1cmVUeXBlIjogInBvaS5wYXJrIiwKICAgICJlbGVtZW50VHlwZSI6ICJsYWJlbHMudGV4dC5maWxsIiwKICAgICJzdHlsZXJzIjogWwogICAgICB7CiAgICAgICAgImNvbG9yIjogIiM2MTYxNjEiCiAgICAgIH0KICAgIF0KICB9LAogIHsKICAgICJmZWF0dXJlVHlwZSI6ICJwb2kucGFyayIsCiAgICAiZWxlbWVudFR5cGUiOiAibGFiZWxzLnRleHQuc3Ryb2tlIiwKICAgICJzdHlsZXJzIjogWwogICAgICB7CiAgICAgICAgImNvbG9yIjogIiMxYjFiMWIiCiAgICAgIH0KICAgIF0KICB9LAogIHsKICAgICJmZWF0dXJlVHlwZSI6ICJyb2FkIiwKICAgICJlbGVtZW50VHlwZSI6ICJnZW9tZXRyeS5maWxsIiwKICAgICJzdHlsZXJzIjogWwogICAgICB7CiAgICAgICAgImNvbG9yIjogIiMyYzJjMmMiCiAgICAgIH0KICAgIF0KICB9LAogIHsKICAgICJmZWF0dXJlVHlwZSI6ICJyb2FkIiwKICAgICJlbGVtZW50VHlwZSI6ICJsYWJlbHMudGV4dC5maWxsIiwKICAgICJzdHlsZXJzIjogWwogICAgICB7CiAgICAgICAgImNvbG9yIjogIiM4YThhOGEiCiAgICAgIH0KICAgIF0KICB9LAogIHsKICAgICJmZWF0dXJlVHlwZSI6ICJyb2FkLmFydGVyaWFsIiwKICAgICJlbGVtZW50VHlwZSI6ICJnZW9tZXRyeSIsCiAgICAic3R5bGVycyI6IFsKICAgICAgewogICAgICAgICJjb2xvciI6ICIjMzczNzM3IgogICAgICB9CiAgICBdCiAgfSwKICB7CiAgICAiZmVhdHVyZVR5cGUiOiAicm9hZC5oaWdod2F5IiwKICAgICJlbGVtZW50VHlwZSI6ICJnZW9tZXRyeSIsCiAgICAic3R5bGVycyI6IFsKICAgICAgewogICAgICAgICJjb2xvciI6ICIjM2MzYzNjIgogICAgICB9CiAgICBdCiAgfSwKICB7CiAgICAiZmVhdHVyZVR5cGUiOiAicm9hZC5oaWdod2F5LmNvbnRyb2xsZWRfYWNjZXNzIiwKICAgICJlbGVtZW50VHlwZSI6ICJnZW9tZXRyeSIsCiAgICAic3R5bGVycyI6IFsKICAgICAgewogICAgICAgICJjb2xvciI6ICIjNGU0ZTRlIgogICAgICB9CiAgICBdCiAgfSwKICB7CiAgICAiZmVhdHVyZVR5cGUiOiAicm9hZC5sb2NhbCIsCiAgICAiZWxlbWVudFR5cGUiOiAibGFiZWxzLnRleHQuZmlsbCIsCiAgICAic3R5bGVycyI6IFsKICAgICAgewogICAgICAgICJjb2xvciI6ICIjNjE2MTYxIgogICAgICB9CiAgICBdCiAgfSwKICB7CiAgICAiZmVhdHVyZVR5cGUiOiAidHJhbnNpdCIsCiAgICAiZWxlbWVudFR5cGUiOiAibGFiZWxzLnRleHQuZmlsbCIsCiAgICAic3R5bGVycyI6IFsKICAgICAgewogICAgICAgICJjb2xvciI6ICIjNzU3NTc1IgogICAgICB9CiAgICBdCiAgfSwKICB7CiAgICAiZmVhdHVyZVR5cGUiOiAid2F0ZXIiLAogICAgImVsZW1lbnRUeXBlIjogImdlb21ldHJ5IiwKICAgICJzdHlsZXJzIjogWwogICAgICB7CiAgICAgICAgImNvbG9yIjogIiMwMDAwMDAiCiAgICAgIH0KICAgIF0KICB9LAogIHsKICAgICJmZWF0dXJlVHlwZSI6ICJ3YXRlciIsCiAgICAiZWxlbWVudFR5cGUiOiAibGFiZWxzLnRleHQuZmlsbCIsCiAgICAic3R5bGVycyI6IFsKICAgICAgewogICAgICAgICJjb2xvciI6ICIjM2QzZDNkIgogICAgICB9CiAgICBdCiAgfQpd\",\"marker_icon\":\"https:\\\/\\\/rzarda.com.tr\\\/wp-content\\\/uploads\\\/2023\\\/03\\\/rz-arda-marker2.png\",\"marker_icon_size\":[150,150,true],\"elementor\":true,\"marker_text_needed\":\"no\",\"marker_text\":\"<h3 style=\\\"min-width:300px; text-align:center; margin:15px;\\\"><\\\/h3>\",\"selector\":\"wd-map-id-69f2618bd4a5f\",\"markers\":null,\"center\":\"\"}'>\n\n\t\t\t\n\t\t\t\n\t\t\t<div class=\"wd-google-map-wrapper wd-map-wrapper wd-fill\">\n\t\t\t\t<div id=\"wd-map-id-69f2618bd4a5f\" class=\"wd-google-map without-content wd-fill\"><\/div>\n\t\t\t<\/div>\n\n\t\t\t\t\t<\/div>\n\t\t\t\t\t\t<\/div>\n\t\t\t\t<\/div>\n\t\t\t\t\t<\/div>\n\t\t<\/div>\n\t\t\t\t\t<\/div>\n\t\t<\/section>\n\t\t\t\t<section class=\"elementor-section elementor-top-section elementor-element elementor-element-1c9344a2 elementor-section-boxed elementor-section-height-default elementor-section-height-default wd-section-disabled\" data-id=\"1c9344a2\" data-element_type=\"section\" data-settings=\"{&quot;background_background&quot;:&quot;classic&quot;}\">\n\t\t\t\t\t\t<div class=\"elementor-container elementor-column-gap-default\">\n\t\t\t\t\t<div class=\"elementor-column elementor-col-50 elementor-top-column elementor-element elementor-element-a4e7846\" data-id=\"a4e7846\" data-element_type=\"column\">\n\t\t\t<div class=\"elementor-widget-wrap elementor-element-populated\">\n\t\t\t\t\t\t<div class=\"elementor-element elementor-element-779d5db5 elementor-widget elementor-widget-wd_title\" data-id=\"779d5db5\" data-element_type=\"widget\" data-widget_type=\"wd_title.default\">\n\t\t\t\t<div class=\"elementor-widget-container\">\n\t\t\t\t\t\t\t\t<link rel=\"stylesheet\" id=\"wd-section-title-css\" href=\"https:\/\/rzarda.com.tr\/rz_arda\/css\/parts\/el-section-title.min.css?ver=7.1.4\" type=\"text\/css\" media=\"all\" \/> \t\t\t\t\t<div class=\"title-wrapper set-mb-s reset-last-child wd-title-color-default wd-title-style-default wd-title-size-default text-left\">\n\n\t\t\t\t\t\t\t<div class=\"title-subtitle subtitle-color-default subtitle-style-default wd-fontsize-xs\">\n\t\t\t\t\tCONTACT INFORMATION\t\t\t\t<\/div>\n\t\t\t\n\t\t\t<div class=\"liner-continer\">\n\t\t\t\t<h1 class=\"woodmart-title-container title wd-fontsize-l\">CONTACT US<\/h1> \n\t\t\t\t\t\t\t<\/div>\n\n\t\t\t\t\t<\/div>\n\t\t\t\t\t\t<\/div>\n\t\t\t\t<\/div>\n\t\t\t\t<div class=\"elementor-element elementor-element-ab3e23f elementor-position-left elementor-vertical-align-middle elementor-view-default elementor-mobile-position-top elementor-widget elementor-widget-icon-box\" data-id=\"ab3e23f\" data-element_type=\"widget\" data-widget_type=\"icon-box.default\">\n\t\t\t\t<div class=\"elementor-widget-container\">\n\t\t\t\t\t\t\t<div class=\"elementor-icon-box-wrapper\">\n\n\t\t\t\t\t\t<div class=\"elementor-icon-box-icon\">\n\t\t\t\t<a href=\"tel:+905431005354\" class=\"elementor-icon\" tabindex=\"-1\" aria-label=\"0543 100 53 54\">\n\t\t\t\t<i aria-hidden=\"true\" class=\"fas fa-phone-alt\"><\/i>\t\t\t\t<\/a>\n\t\t\t<\/div>\n\t\t\t\n\t\t\t\t\t\t<div class=\"elementor-icon-box-content\">\n\n\t\t\t\t\t\t\t\t\t<h3 class=\"elementor-icon-box-title\">\n\t\t\t\t\t\t<a href=\"tel:+905431005354\" >\n\t\t\t\t\t\t\t0543 100 53 54\t\t\t\t\t\t<\/a>\n\t\t\t\t\t<\/h3>\n\t\t\t\t\n\t\t\t\t\t\t\t\t\t<p class=\"elementor-icon-box-description\">\n\t\t\t\t\t\tTELEPHONE\t\t\t\t\t<\/p>\n\t\t\t\t\n\t\t\t<\/div>\n\t\t\t\n\t\t<\/div>\n\t\t\t\t\t\t<\/div>\n\t\t\t\t<\/div>\n\t\t\t\t<div class=\"elementor-element elementor-element-007ca99 elementor-position-left elementor-vertical-align-middle elementor-view-default elementor-mobile-position-top elementor-widget elementor-widget-icon-box\" data-id=\"007ca99\" data-element_type=\"widget\" data-widget_type=\"icon-box.default\">\n\t\t\t\t<div class=\"elementor-widget-container\">\n\t\t\t\t\t\t\t<div class=\"elementor-icon-box-wrapper\">\n\n\t\t\t\t\t\t<div class=\"elementor-icon-box-icon\">\n\t\t\t\t<a href=\"mailto:info@rzarda.com.tr\" class=\"elementor-icon\" tabindex=\"-1\" aria-label=\"info@rzarda.com.tr\">\n\t\t\t\t<i aria-hidden=\"true\" class=\"far fa-envelope-open\"><\/i>\t\t\t\t<\/a>\n\t\t\t<\/div>\n\t\t\t\n\t\t\t\t\t\t<div class=\"elementor-icon-box-content\">\n\n\t\t\t\t\t\t\t\t\t<h3 class=\"elementor-icon-box-title\">\n\t\t\t\t\t\t<a href=\"mailto:info@rzarda.com.tr\" >\n\t\t\t\t\t\t\tinfo@rzarda.com.tr\t\t\t\t\t\t<\/a>\n\t\t\t\t\t<\/h3>\n\t\t\t\t\n\t\t\t\t\t\t\t\t\t<p class=\"elementor-icon-box-description\">\n\t\t\t\t\t\tE-MAIL\t\t\t\t\t<\/p>\n\t\t\t\t\n\t\t\t<\/div>\n\t\t\t\n\t\t<\/div>\n\t\t\t\t\t\t<\/div>\n\t\t\t\t<\/div>\n\t\t\t\t<section class=\"elementor-section elementor-inner-section elementor-element elementor-element-a6b7217 elementor-section-boxed elementor-section-height-default elementor-section-height-default wd-section-disabled\" data-id=\"a6b7217\" data-element_type=\"section\">\n\t\t\t\t\t\t<div class=\"elementor-container elementor-column-gap-default\">\n\t\t\t\t\t<div class=\"elementor-column elementor-col-50 elementor-inner-column elementor-element elementor-element-2a2bfdb\" data-id=\"2a2bfdb\" data-element_type=\"column\">\n\t\t\t<div class=\"elementor-widget-wrap elementor-element-populated\">\n\t\t\t\t\t\t<div class=\"elementor-element elementor-element-1294dd4 elementor-position-left elementor-vertical-align-middle elementor-view-default elementor-mobile-position-top elementor-widget elementor-widget-icon-box\" data-id=\"1294dd4\" data-element_type=\"widget\" data-widget_type=\"icon-box.default\">\n\t\t\t\t<div class=\"elementor-widget-container\">\n\t\t\t\t\t\t\t<div class=\"elementor-icon-box-wrapper\">\n\n\t\t\t\t\t\t<div class=\"elementor-icon-box-icon\">\n\t\t\t\t<a href=\"https:\/\/goo.gl\/maps\/uDUqLDmt35N8eCpV8\" class=\"elementor-icon\" tabindex=\"-1\" aria-label=\"Arabac\u0131alan\u0131, Nam\u0131k Kemal Cd. No:5, 54050 Serdivan\/Sakarya\">\n\t\t\t\t<i aria-hidden=\"true\" class=\"fas fa-map-marker-alt\"><\/i>\t\t\t\t<\/a>\n\t\t\t<\/div>\n\t\t\t\n\t\t\t\t\t\t<div class=\"elementor-icon-box-content\">\n\n\t\t\t\t\t\t\t\t\t<h3 class=\"elementor-icon-box-title\">\n\t\t\t\t\t\t<a href=\"https:\/\/goo.gl\/maps\/uDUqLDmt35N8eCpV8\" >\n\t\t\t\t\t\t\tArabac\u0131alan\u0131, Nam\u0131k Kemal Cd. No:5, 54050 Serdivan\/Sakarya\t\t\t\t\t\t<\/a>\n\t\t\t\t\t<\/h3>\n\t\t\t\t\n\t\t\t\t\t\t\t\t\t<p class=\"elementor-icon-box-description\">\n\t\t\t\t\t\tADDRESS\t\t\t\t\t<\/p>\n\t\t\t\t\n\t\t\t<\/div>\n\t\t\t\n\t\t<\/div>\n\t\t\t\t\t\t<\/div>\n\t\t\t\t<\/div>\n\t\t\t\t\t<\/div>\n\t\t<\/div>\n\t\t\t\t<div class=\"elementor-column elementor-col-50 elementor-inner-column elementor-element elementor-element-e84371f\" data-id=\"e84371f\" data-element_type=\"column\">\n\t\t\t<div class=\"elementor-widget-wrap elementor-element-populated\">\n\t\t\t\t\t\t<div class=\"elementor-element elementor-element-2b6195d elementor-widget__width-auto elementor-widget elementor-widget-wd_button\" data-id=\"2b6195d\" data-element_type=\"widget\" data-widget_type=\"wd_button.default\">\n\t\t\t\t<div class=\"elementor-widget-container\">\n\t\t\t\t\t\t\t<div class=\"wd-button-wrapper text-center\" >\n\t\t\t<a class=\"btn btn-style-bordered btn-style-rectangle btn-size-default btn-scheme-custom btn-scheme-hover-custom btn-full-width btn-icon-pos-right\"  href=\"https:\/\/goo.gl\/maps\/uDUqLDmt35N8eCpV8\">\n\t\t\t\t<span class=\"wd-btn-text\" data-elementor-setting-key=\"text\">\n\t\t\t\t\tROUTE DESCRIPTION\t\t\t\t<\/span>\n\n\t\t\t\t\t\t\t<\/a>\n\t\t<\/div>\n\t\t\t\t\t\t<\/div>\n\t\t\t\t<\/div>\n\t\t\t\t\t<\/div>\n\t\t<\/div>\n\t\t\t\t\t<\/div>\n\t\t<\/section>\n\t\t\t\t\t<\/div>\n\t\t<\/div>\n\t\t\t\t<div class=\"elementor-column elementor-col-50 elementor-top-column elementor-element elementor-element-41bec3dc\" data-id=\"41bec3dc\" data-element_type=\"column\">\n\t\t\t<div class=\"elementor-widget-wrap elementor-element-populated\">\n\t\t\t\t\t\t<div class=\"elementor-element elementor-element-88ca337 elementor-widget elementor-widget-wd_title\" data-id=\"88ca337\" data-element_type=\"widget\" data-widget_type=\"wd_title.default\">\n\t\t\t\t<div class=\"elementor-widget-container\">\n\t\t\t\t\t\t\t<div class=\"title-wrapper set-mb-s reset-last-child wd-title-color-default wd-title-style-default wd-title-size-default text-left\">\n\n\t\t\t\t\t\t\t<div class=\"title-subtitle subtitle-color-default subtitle-style-default wd-fontsize-xs\">\n\t\t\t\t\tCONTACT FORM\t\t\t\t<\/div>\n\t\t\t\n\t\t\t<div class=\"liner-continer\">\n\t\t\t\t<h2 class=\"woodmart-title-container title wd-fontsize-l\">ASK QUESTIONS<\/h2> \n\t\t\t\t\t\t\t<\/div>\n\n\t\t\t\t\t<\/div>\n\t\t\t\t\t\t<\/div>\n\t\t\t\t<\/div>\n\t\t\t\t<div class=\"elementor-element elementor-element-1ed139f elementor-button-align-stretch elementor-widget elementor-widget-form\" data-id=\"1ed139f\" data-element_type=\"widget\" data-settings=\"{&quot;step_next_label&quot;:&quot;Next&quot;,&quot;step_previous_label&quot;:&quot;Previous&quot;,&quot;button_width&quot;:&quot;100&quot;,&quot;step_type&quot;:&quot;number_text&quot;,&quot;step_icon_shape&quot;:&quot;circle&quot;}\" data-widget_type=\"form.default\">\n\t\t\t\t<div class=\"elementor-widget-container\">\n\t\t\t\t\t\t\t<form class=\"elementor-form\" method=\"post\" id=\"iletisim_form\" name=\"\u0130leti\u015fim Form\">\n\t\t\t<input type=\"hidden\" name=\"post_id\" value=\"12313\"\/>\n\t\t\t<input type=\"hidden\" name=\"form_id\" value=\"1ed139f\"\/>\n\t\t\t<input type=\"hidden\" name=\"referer_title\" value=\"RZ Arda \u0130n\u015faat\" \/>\n\n\t\t\t\n\t\t\t<div class=\"elementor-form-fields-wrapper elementor-labels-\">\n\t\t\t\t\t\t\t\t<div class=\"elementor-field-type-text elementor-field-group elementor-column elementor-field-group-name elementor-col-100\">\n\t\t\t\t\t\t\t\t\t\t\t\t<label for=\"form-field-name\" class=\"elementor-field-label elementor-screen-only\">\n\t\t\t\t\t\t\t\tFull Name\t\t\t\t\t\t\t<\/label>\n\t\t\t\t\t\t\t\t\t\t\t\t\t\t<input size=\"1\" type=\"text\" name=\"form_fields[name]\" id=\"form-field-name\" class=\"elementor-field elementor-size-sm  elementor-field-textual\" placeholder=\"Full Name\">\n\t\t\t\t\t\t\t\t\t\t\t<\/div>\n\t\t\t\t\t\t\t\t<div class=\"elementor-field-type-email elementor-field-group elementor-column elementor-field-group-email elementor-col-100 elementor-field-required\">\n\t\t\t\t\t\t\t\t\t\t\t\t<label for=\"form-field-email\" class=\"elementor-field-label elementor-screen-only\">\n\t\t\t\t\t\t\t\tE-Mail Address\t\t\t\t\t\t\t<\/label>\n\t\t\t\t\t\t\t\t\t\t\t\t\t\t<input size=\"1\" type=\"email\" name=\"form_fields[email]\" id=\"form-field-email\" class=\"elementor-field elementor-size-sm  elementor-field-textual\" placeholder=\"E-Mail Address\" required=\"required\">\n\t\t\t\t\t\t\t\t\t\t\t<\/div>\n\t\t\t\t\t\t\t\t<div class=\"elementor-field-type-tel elementor-field-group elementor-column elementor-field-group-field_8617968 elementor-col-100 elementor-field-required\">\n\t\t\t\t\t\t\t\t\t\t\t\t<label for=\"form-field-field_8617968\" class=\"elementor-field-label elementor-screen-only\">\n\t\t\t\t\t\t\t\tPhone Number\t\t\t\t\t\t\t<\/label>\n\t\t\t\t\t\t\t\t<input size=\"1\" type=\"tel\" name=\"form_fields[field_8617968]\" id=\"form-field-field_8617968\" class=\"elementor-field elementor-size-sm  elementor-field-textual\" placeholder=\"Phone Number\" required=\"required\" pattern=\"[0-9()#&amp;+*-=.]+\" title=\"Only numbers and phone characters (#, -, *, etc) are accepted.\">\n\n\t\t\t\t\t\t<\/div>\n\t\t\t\t\t\t\t\t<div class=\"elementor-field-type-textarea elementor-field-group elementor-column elementor-field-group-message elementor-col-100\">\n\t\t\t\t\t\t\t\t\t\t\t\t<label for=\"form-field-message\" class=\"elementor-field-label elementor-screen-only\">\n\t\t\t\t\t\t\t\tYour Message\t\t\t\t\t\t\t<\/label>\n\t\t\t\t\t\t<textarea class=\"elementor-field-textual elementor-field  elementor-size-sm\" name=\"form_fields[message]\" id=\"form-field-message\" rows=\"4\" placeholder=\"Your Message\"><\/textarea>\t\t\t\t<\/div>\n\t\t\t\t\t\t\t\t<div class=\"elementor-field-group elementor-column elementor-field-type-submit elementor-col-100 e-form__buttons\">\n\t\t\t\t\t<button class=\"elementor-button elementor-size-sm\" type=\"submit\">\n\t\t\t\t\t\t<span class=\"elementor-button-content-wrapper\">\n\t\t\t\t\t\t\t\t\t\t\t\t\t\t\t\t\t\t\t\t\t\t<span class=\"elementor-button-text\">SUBMIT<\/span>\n\t\t\t\t\t\t\t\t\t\t\t\t\t<\/span>\n\t\t\t\t\t<\/button>\n\t\t\t\t<\/div>\n\t\t\t<\/div>\n\t\t<\/form>\n\t\t\t\t\t\t<\/div>\n\t\t\t\t<\/div>\n\t\t\t\t\t<\/div>\n\t\t<\/div>\n\t\t\t\t\t<\/div>\n\t\t<\/section>\n\t\t\t\t<\/div>\n\t\t","protected":false},"excerpt":{"rendered":"<p>&#8220;,&#8221;selector&#8221;:&#8221;wd-map-id-680a477cb3bab&#8221;,&#8221;markers&#8221;:null,&#8221;center&#8221;:&#8221;&#8221;}&#8217;> CONTACT INFORMATION CONTACT US 0543 100 53 54 TELEPHONE info@rzarda.com.tr E-MAIL Arabac\u0131alan\u0131, Nam\u0131k Kemal Cd. No:5, 54050 Serdivan\/Sakarya ADDRESS<\/p>\n","protected":false},"author":1,"featured_media":0,"parent":0,"menu_order":0,"comment_status":"closed","ping_status":"closed","template":"","meta":{"footnotes":""},"class_list":["post-12313","page","type-page","status-publish","hentry"],"yoast_head":"<!-- This site is optimized with the Yoast SEO plugin v25.4 - https:\/\/yoast.com\/wordpress\/plugins\/seo\/ -->\n<title>Contact - RZ Arda \u0130n\u015faat<\/title>\n<meta name=\"description\" content=\"Akl\u0131n\u0131za tak\u0131lan t\u00fcm konularla ilgili ileti\u015fim k\u0131sm\u0131ndan bize ula\u015f\u0131n. Ofisimize gelirseniz de kahve ikram etmekten memnuniyet duyar\u0131z.\" \/>\n<meta name=\"robots\" content=\"index, follow, max-snippet:-1, max-image-preview:large, max-video-preview:-1\" \/>\n<link rel=\"canonical\" href=\"https:\/\/rzarda.com.tr\/en\/contact\/\" \/>\n<meta property=\"og:locale\" content=\"en_US\" \/>\n<meta property=\"og:type\" content=\"article\" \/>\n<meta property=\"og:title\" content=\"Contact - RZ Arda \u0130n\u015faat\" \/>\n<meta property=\"og:description\" content=\"Akl\u0131n\u0131za tak\u0131lan t\u00fcm konularla ilgili ileti\u015fim k\u0131sm\u0131ndan bize ula\u015f\u0131n. Ofisimize gelirseniz de kahve ikram etmekten memnuniyet duyar\u0131z.\" \/>\n<meta property=\"og:url\" content=\"https:\/\/rzarda.com.tr\/en\/contact\/\" \/>\n<meta property=\"og:site_name\" content=\"RZ Arda \u0130n\u015faat\" \/>\n<meta property=\"article:modified_time\" content=\"2025-04-24T14:15:24+00:00\" \/>\n<meta name=\"twitter:card\" content=\"summary_large_image\" \/>\n<meta name=\"twitter:label1\" content=\"Est. reading time\" \/>\n\t<meta name=\"twitter:data1\" content=\"15 minutes\" \/>\n<script type=\"application\/ld+json\" class=\"yoast-schema-graph\">{\"@context\":\"https:\/\/schema.org\",\"@graph\":[{\"@type\":\"WebPage\",\"@id\":\"https:\/\/rzarda.com.tr\/en\/contact\/\",\"url\":\"https:\/\/rzarda.com.tr\/en\/contact\/\",\"name\":\"Contact - RZ Arda \u0130n\u015faat\",\"isPartOf\":{\"@id\":\"https:\/\/rzarda.com.tr\/en\/#website\"},\"datePublished\":\"2021-10-12T13:27:24+00:00\",\"dateModified\":\"2025-04-24T14:15:24+00:00\",\"description\":\"Akl\u0131n\u0131za tak\u0131lan t\u00fcm konularla ilgili ileti\u015fim k\u0131sm\u0131ndan bize ula\u015f\u0131n. Ofisimize gelirseniz de kahve ikram etmekten memnuniyet duyar\u0131z.\",\"breadcrumb\":{\"@id\":\"https:\/\/rzarda.com.tr\/en\/contact\/#breadcrumb\"},\"inLanguage\":\"en-US\",\"potentialAction\":[{\"@type\":\"ReadAction\",\"target\":[\"https:\/\/rzarda.com.tr\/en\/contact\/\"]}]},{\"@type\":\"BreadcrumbList\",\"@id\":\"https:\/\/rzarda.com.tr\/en\/contact\/#breadcrumb\",\"itemListElement\":[{\"@type\":\"ListItem\",\"position\":1,\"name\":\"Anasayfa\",\"item\":\"https:\/\/rzarda.com.tr\/en\/\"},{\"@type\":\"ListItem\",\"position\":2,\"name\":\"Contact\"}]},{\"@type\":\"WebSite\",\"@id\":\"https:\/\/rzarda.com.tr\/en\/#website\",\"url\":\"https:\/\/rzarda.com.tr\/en\/\",\"name\":\"RZ Arda \u0130n\u015faat\",\"description\":\"Sakarya \u0130n\u015faat Firmas\u0131\",\"publisher\":{\"@id\":\"https:\/\/rzarda.com.tr\/en\/#organization\"},\"potentialAction\":[{\"@type\":\"SearchAction\",\"target\":{\"@type\":\"EntryPoint\",\"urlTemplate\":\"https:\/\/rzarda.com.tr\/en\/?s={search_term_string}\"},\"query-input\":{\"@type\":\"PropertyValueSpecification\",\"valueRequired\":true,\"valueName\":\"search_term_string\"}}],\"inLanguage\":\"en-US\"},{\"@type\":\"Organization\",\"@id\":\"https:\/\/rzarda.com.tr\/en\/#organization\",\"name\":\"RZ Arda \u0130n\u015faat\",\"url\":\"https:\/\/rzarda.com.tr\/en\/\",\"logo\":{\"@type\":\"ImageObject\",\"inLanguage\":\"en-US\",\"@id\":\"https:\/\/rzarda.com.tr\/en\/#\/schema\/logo\/image\/\",\"url\":\"https:\/\/rzarda.com.tr\/wp-content\/uploads\/2023\/03\/logo.png\",\"contentUrl\":\"https:\/\/rzarda.com.tr\/wp-content\/uploads\/2023\/03\/logo.png\",\"width\":130,\"height\":92,\"caption\":\"RZ Arda \u0130n\u015faat\"},\"image\":{\"@id\":\"https:\/\/rzarda.com.tr\/en\/#\/schema\/logo\/image\/\"}}]}<\/script>\n<!-- \/ Yoast SEO plugin. -->","yoast_head_json":{"title":"Contact - RZ Arda \u0130n\u015faat","description":"Akl\u0131n\u0131za tak\u0131lan t\u00fcm konularla ilgili ileti\u015fim k\u0131sm\u0131ndan bize ula\u015f\u0131n. Ofisimize gelirseniz de kahve ikram etmekten memnuniyet duyar\u0131z.","robots":{"index":"index","follow":"follow","max-snippet":"max-snippet:-1","max-image-preview":"max-image-preview:large","max-video-preview":"max-video-preview:-1"},"canonical":"https:\/\/rzarda.com.tr\/en\/contact\/","og_locale":"en_US","og_type":"article","og_title":"Contact - RZ Arda \u0130n\u015faat","og_description":"Akl\u0131n\u0131za tak\u0131lan t\u00fcm konularla ilgili ileti\u015fim k\u0131sm\u0131ndan bize ula\u015f\u0131n. Ofisimize gelirseniz de kahve ikram etmekten memnuniyet duyar\u0131z.","og_url":"https:\/\/rzarda.com.tr\/en\/contact\/","og_site_name":"RZ Arda \u0130n\u015faat","article_modified_time":"2025-04-24T14:15:24+00:00","twitter_card":"summary_large_image","twitter_misc":{"Est. reading time":"15 minutes"},"schema":{"@context":"https:\/\/schema.org","@graph":[{"@type":"WebPage","@id":"https:\/\/rzarda.com.tr\/en\/contact\/","url":"https:\/\/rzarda.com.tr\/en\/contact\/","name":"Contact - RZ Arda \u0130n\u015faat","isPartOf":{"@id":"https:\/\/rzarda.com.tr\/en\/#website"},"datePublished":"2021-10-12T13:27:24+00:00","dateModified":"2025-04-24T14:15:24+00:00","description":"Akl\u0131n\u0131za tak\u0131lan t\u00fcm konularla ilgili ileti\u015fim k\u0131sm\u0131ndan bize ula\u015f\u0131n. Ofisimize gelirseniz de kahve ikram etmekten memnuniyet duyar\u0131z.","breadcrumb":{"@id":"https:\/\/rzarda.com.tr\/en\/contact\/#breadcrumb"},"inLanguage":"en-US","potentialAction":[{"@type":"ReadAction","target":["https:\/\/rzarda.com.tr\/en\/contact\/"]}]},{"@type":"BreadcrumbList","@id":"https:\/\/rzarda.com.tr\/en\/contact\/#breadcrumb","itemListElement":[{"@type":"ListItem","position":1,"name":"Anasayfa","item":"https:\/\/rzarda.com.tr\/en\/"},{"@type":"ListItem","position":2,"name":"Contact"}]},{"@type":"WebSite","@id":"https:\/\/rzarda.com.tr\/en\/#website","url":"https:\/\/rzarda.com.tr\/en\/","name":"RZ Arda \u0130n\u015faat","description":"Sakarya \u0130n\u015faat Firmas\u0131","publisher":{"@id":"https:\/\/rzarda.com.tr\/en\/#organization"},"potentialAction":[{"@type":"SearchAction","target":{"@type":"EntryPoint","urlTemplate":"https:\/\/rzarda.com.tr\/en\/?s={search_term_string}"},"query-input":{"@type":"PropertyValueSpecification","valueRequired":true,"valueName":"search_term_string"}}],"inLanguage":"en-US"},{"@type":"Organization","@id":"https:\/\/rzarda.com.tr\/en\/#organization","name":"RZ Arda \u0130n\u015faat","url":"https:\/\/rzarda.com.tr\/en\/","logo":{"@type":"ImageObject","inLanguage":"en-US","@id":"https:\/\/rzarda.com.tr\/en\/#\/schema\/logo\/image\/","url":"https:\/\/rzarda.com.tr\/wp-content\/uploads\/2023\/03\/logo.png","contentUrl":"https:\/\/rzarda.com.tr\/wp-content\/uploads\/2023\/03\/logo.png","width":130,"height":92,"caption":"RZ Arda \u0130n\u015faat"},"image":{"@id":"https:\/\/rzarda.com.tr\/en\/#\/schema\/logo\/image\/"}}]}},"_links":{"self":[{"href":"https:\/\/rzarda.com.tr\/en\/wp-json\/wp\/v2\/pages\/12313","targetHints":{"allow":["GET"]}}],"collection":[{"href":"https:\/\/rzarda.com.tr\/en\/wp-json\/wp\/v2\/pages"}],"about":[{"href":"https:\/\/rzarda.com.tr\/en\/wp-json\/wp\/v2\/types\/page"}],"author":[{"embeddable":true,"href":"https:\/\/rzarda.com.tr\/en\/wp-json\/wp\/v2\/users\/1"}],"replies":[{"embeddable":true,"href":"https:\/\/rzarda.com.tr\/en\/wp-json\/wp\/v2\/comments?post=12313"}],"version-history":[{"count":4,"href":"https:\/\/rzarda.com.tr\/en\/wp-json\/wp\/v2\/pages\/12313\/revisions"}],"predecessor-version":[{"id":12319,"href":"https:\/\/rzarda.com.tr\/en\/wp-json\/wp\/v2\/pages\/12313\/revisions\/12319"}],"wp:attachment":[{"href":"https:\/\/rzarda.com.tr\/en\/wp-json\/wp\/v2\/media?parent=12313"}],"curies":[{"name":"wp","href":"https:\/\/api.w.org\/{rel}","templated":true}]}}