{"id":12290,"date":"2023-03-23T17:50:14","date_gmt":"2023-03-23T14:50:14","guid":{"rendered":"https:\/\/rzarda.com.tr\/hakkimizda\/"},"modified":"2025-04-24T16:03:31","modified_gmt":"2025-04-24T13:03:31","slug":"about-us","status":"publish","type":"page","link":"https:\/\/rzarda.com.tr\/en\/about-us\/","title":{"rendered":"About Us"},"content":{"rendered":"\t\t<div data-elementor-type=\"wp-page\" data-elementor-id=\"12290\" class=\"elementor elementor-12290 elementor-9230\" data-elementor-post-type=\"page\">\n\t\t\t\t\t\t<section class=\"elementor-section elementor-top-section elementor-element elementor-element-6f12d8c elementor-section-boxed elementor-section-height-default elementor-section-height-default wd-section-disabled\" data-id=\"6f12d8c\" data-element_type=\"section\">\n\t\t\t\t\t\t<div class=\"elementor-container elementor-column-gap-default\">\n\t\t\t\t\t<div class=\"elementor-column elementor-col-50 elementor-top-column elementor-element elementor-element-84dcaac\" data-id=\"84dcaac\" data-element_type=\"column\">\n\t\t\t<div class=\"elementor-widget-wrap elementor-element-populated\">\n\t\t\t\t\t\t<div class=\"elementor-element elementor-element-1c57b3e elementor-widget elementor-widget-image\" data-id=\"1c57b3e\" data-element_type=\"widget\" data-widget_type=\"image.default\">\n\t\t\t\t<div class=\"elementor-widget-container\">\n\t\t\t\t\t\t\t\t\t\t\t\t\t\t\t<img fetchpriority=\"high\" decoding=\"async\" width=\"700\" height=\"548\" src=\"https:\/\/rzarda.com.tr\/wp-content\/uploads\/2023\/03\/rz-arda-bina.webp\" class=\"attachment-full size-full wp-image-11825\" alt=\"\" srcset=\"https:\/\/rzarda.com.tr\/wp-content\/uploads\/2023\/03\/rz-arda-bina.webp 700w, https:\/\/rzarda.com.tr\/wp-content\/uploads\/2023\/03\/rz-arda-bina-383x300.webp 383w\" sizes=\"(max-width: 700px) 100vw, 700px\" \/>\t\t\t\t\t\t\t\t\t\t\t\t\t\t\t<\/div>\n\t\t\t\t<\/div>\n\t\t\t\t\t<\/div>\n\t\t<\/div>\n\t\t\t\t<div class=\"elementor-column elementor-col-50 elementor-top-column elementor-element elementor-element-e6d4aef\" data-id=\"e6d4aef\" data-element_type=\"column\">\n\t\t\t<div class=\"elementor-widget-wrap elementor-element-populated\">\n\t\t\t\t\t\t<div class=\"elementor-element elementor-element-1bfe8eb elementor-widget elementor-widget-wd_title\" data-id=\"1bfe8eb\" data-element_type=\"widget\" data-widget_type=\"wd_title.default\">\n\t\t\t\t<div class=\"elementor-widget-container\">\n\t\t\t\t\t\t\t\t<link rel=\"stylesheet\" id=\"wd-section-title-css\" href=\"https:\/\/rzarda.com.tr\/rz_arda\/css\/parts\/el-section-title.min.css?ver=7.1.4\" type=\"text\/css\" media=\"all\" \/> \t\t\t\t\t<div class=\"title-wrapper set-mb-s reset-last-child wd-title-color-primary wd-title-style-underlined wd-title-size-extra-large text-left\">\n\n\t\t\t\n\t\t\t<div class=\"liner-continer\">\n\t\t\t\t<h2 class=\"woodmart-title-container title wd-fontsize-xxxl\">ABOUT <span class=\"maviyazi\">RZ ARDA<\/span><\/h2> \n\t\t\t\t\t\t\t<\/div>\n\n\t\t\t\t\t\t\t<div class=\"title-after_title set-cont-mb-s reset-last-child wd-fontsize-s\">\n\t\t\t\t\t<p>On 25.07.2001, our company, which started its commercial life by serving in the fields of Informatics, Technology and Advertising, started to evaluate its commercial savings and all its investments in the CONSTRUCTION sector after 2010 and has produced more than 600 Office, Workplace, residential Villa in Sakarya and put it into the service of users until this time.<\/p><p>In order to keep up with constantly evolving and changing living standards<\/p><p>As RZ ARDA CONSTRUCTION TAAH. SAN. T\u0130C. LTD.;<\/p><p>Combining 25 years of commercial experience in the IT sector with 12 years of construction experience, we produce Smart Homes, Offices, Villas supported by Internet of Things (IoT) technology with the confidence that we will make a difference in every project we touch.<\/p>\t\t\t\t<\/div>\n\t\t\t\t\t<\/div>\n\t\t\t\t\t\t<\/div>\n\t\t\t\t<\/div>\n\t\t\t\t\t<\/div>\n\t\t<\/div>\n\t\t\t\t\t<\/div>\n\t\t<\/section>\n\t\t\t\t<section class=\"elementor-section elementor-top-section elementor-element elementor-element-d8ec039 wd-section-stretch elementor-section-boxed elementor-section-height-default elementor-section-height-default\" data-id=\"d8ec039\" data-element_type=\"section\" data-settings=\"{&quot;background_background&quot;:&quot;classic&quot;}\">\n\t\t\t\t\t\t<div class=\"elementor-container elementor-column-gap-default\">\n\t\t\t\t\t<div class=\"elementor-column elementor-col-50 elementor-top-column elementor-element elementor-element-008cdef\" data-id=\"008cdef\" data-element_type=\"column\">\n\t\t\t<div class=\"elementor-widget-wrap elementor-element-populated\">\n\t\t\t\t\t\t<div class=\"elementor-element elementor-element-fd7c70b elementor-widget elementor-widget-wd_title\" data-id=\"fd7c70b\" data-element_type=\"widget\" data-widget_type=\"wd_title.default\">\n\t\t\t\t<div class=\"elementor-widget-container\">\n\t\t\t\t\t\t\t<div class=\"title-wrapper set-mb-s reset-last-child wd-title-color-primary wd-title-style-default wd-title-size-extra-large text-left\">\n\n\t\t\t\n\t\t\t<div class=\"liner-continer\">\n\t\t\t\t<h2 class=\"woodmart-title-container title wd-fontsize-xxxl\">OUR VISION<\/h2> \n\t\t\t\t\t\t\t<\/div>\n\n\t\t\t\t\t\t\t<div class=\"title-after_title set-cont-mb-s reset-last-child wd-fontsize-s\">\n\t\t\t\t\t<p>With our experienced staff acting with the philosophy of business ethics, professional responsibility and respect for people, first of all, to produce prestigious and quality housing that will create added value to the people and economy of Sakarya and indirectly to the national economy.<\/p>\t\t\t\t<\/div>\n\t\t\t\t\t<\/div>\n\t\t\t\t\t\t<\/div>\n\t\t\t\t<\/div>\n\t\t\t\t\t<\/div>\n\t\t<\/div>\n\t\t\t\t<div class=\"elementor-column elementor-col-50 elementor-top-column elementor-element elementor-element-a7b4bad\" data-id=\"a7b4bad\" data-element_type=\"column\">\n\t\t\t<div class=\"elementor-widget-wrap elementor-element-populated\">\n\t\t\t\t\t\t<div class=\"elementor-element elementor-element-69773d1 elementor-widget elementor-widget-wd_title\" data-id=\"69773d1\" data-element_type=\"widget\" data-widget_type=\"wd_title.default\">\n\t\t\t\t<div class=\"elementor-widget-container\">\n\t\t\t\t\t\t\t<div class=\"title-wrapper set-mb-s reset-last-child wd-title-color-primary wd-title-style-default wd-title-size-extra-large text-left\">\n\n\t\t\t\n\t\t\t<div class=\"liner-continer\">\n\t\t\t\t<h2 class=\"woodmart-title-container title wd-fontsize-xxxl\">OUR MISSION<\/h2> \n\t\t\t\t\t\t\t<\/div>\n\n\t\t\t\t\t\t\t<div class=\"title-after_title set-cont-mb-s reset-last-child wd-fontsize-s\">\n\t\t\t\t\t<p>To produce quality living spaces and increase the comfort of life in dense urban life, together with our employees, our supplier companies, you, our valued customers and all other factors, which are the most important factors in the realization of our projects.<\/p>\t\t\t\t<\/div>\n\t\t\t\t\t<\/div>\n\t\t\t\t\t\t<\/div>\n\t\t\t\t<\/div>\n\t\t\t\t\t<\/div>\n\t\t<\/div>\n\t\t\t\t\t<\/div>\n\t\t<\/section>\n\t\t\t\t<section class=\"elementor-section elementor-top-section elementor-element elementor-element-6694077 wd-section-stretch elementor-section-boxed elementor-section-height-default elementor-section-height-default\" data-id=\"6694077\" data-element_type=\"section\" data-settings=\"{&quot;background_background&quot;:&quot;classic&quot;}\">\n\t\t\t\t\t\t<div class=\"elementor-container elementor-column-gap-default\">\n\t\t\t\t\t<div class=\"elementor-column elementor-col-100 elementor-top-column elementor-element elementor-element-6ec8040\" data-id=\"6ec8040\" data-element_type=\"column\">\n\t\t\t<div class=\"elementor-widget-wrap elementor-element-populated\">\n\t\t\t\t\t\t<div class=\"elementor-element elementor-element-dcb0a74 elementor-widget elementor-widget-video\" data-id=\"dcb0a74\" data-element_type=\"widget\" data-settings=\"{&quot;youtube_url&quot;:&quot;https:\\\/\\\/youtu.be\\\/0C-nI_9JjNU&quot;,&quot;show_image_overlay&quot;:&quot;yes&quot;,&quot;image_overlay&quot;:{&quot;url&quot;:&quot;https:\\\/\\\/rzarda.com.tr\\\/wp-content\\\/uploads\\\/2023\\\/03\\\/video-cover.webp&quot;,&quot;id&quot;:11824,&quot;size&quot;:&quot;&quot;,&quot;alt&quot;:&quot;&quot;,&quot;source&quot;:&quot;library&quot;},&quot;video_type&quot;:&quot;youtube&quot;}\" data-widget_type=\"video.default\">\n\t\t\t\t<div class=\"elementor-widget-container\">\n\t\t\t\t\t\t\t<div class=\"elementor-wrapper elementor-open-inline\">\n\t\t\t<div class=\"elementor-video\"><\/div>\t\t\t\t<div class=\"elementor-custom-embed-image-overlay\" style=\"background-image: url(https:\/\/rzarda.com.tr\/wp-content\/uploads\/2023\/03\/video-cover.webp);\">\n\t\t\t\t\t\t\t\t\t\t\t\t\t\t\t\t<div class=\"elementor-custom-embed-play\" role=\"button\" aria-label=\"Play Video\" tabindex=\"0\">\n\t\t\t\t\t\t\t<i aria-hidden=\"true\" class=\"eicon-play\"><\/i>\t\t\t\t\t\t<\/div>\n\t\t\t\t\t\t\t\t\t<\/div>\n\t\t\t\t\t<\/div>\n\t\t\t\t\t\t<\/div>\n\t\t\t\t<\/div>\n\t\t\t\t\t<\/div>\n\t\t<\/div>\n\t\t\t\t\t<\/div>\n\t\t<\/section>\n\t\t\t\t<\/div>\n\t\t","protected":false},"excerpt":{"rendered":"<p>ABOUT RZ ARDA On 25.07.2001, our company, which started its commercial life by serving in the fields of Informatics, Technology<\/p>\n","protected":false},"author":1,"featured_media":0,"parent":0,"menu_order":0,"comment_status":"closed","ping_status":"closed","template":"","meta":{"footnotes":""},"class_list":["post-12290","page","type-page","status-publish","hentry"],"yoast_head":"<!-- This site is optimized with the Yoast SEO plugin v25.4 - https:\/\/yoast.com\/wordpress\/plugins\/seo\/ -->\n<title>About Us - RZ Arda \u0130n\u015faat<\/title>\n<meta name=\"description\" content=\"RZ Arda \u0130n\u015faat olarak, Sakarya&#039;da 600&#039;den fazla ofis, i\u015fyeri, konut ve villa \u00fcreterek kullan\u0131c\u0131lar\u0131n hizmetine sunmu\u015ftur.\" \/>\n<meta name=\"robots\" content=\"index, follow, max-snippet:-1, max-image-preview:large, max-video-preview:-1\" \/>\n<link rel=\"canonical\" href=\"https:\/\/rzarda.com.tr\/en\/about-us\/\" \/>\n<meta property=\"og:locale\" content=\"en_US\" \/>\n<meta property=\"og:type\" content=\"article\" \/>\n<meta property=\"og:title\" content=\"About Us - RZ Arda \u0130n\u015faat\" \/>\n<meta property=\"og:description\" content=\"RZ Arda \u0130n\u015faat olarak, Sakarya&#039;da 600&#039;den fazla ofis, i\u015fyeri, konut ve villa \u00fcreterek kullan\u0131c\u0131lar\u0131n hizmetine sunmu\u015ftur.\" \/>\n<meta property=\"og:url\" content=\"https:\/\/rzarda.com.tr\/en\/about-us\/\" \/>\n<meta property=\"og:site_name\" content=\"RZ Arda \u0130n\u015faat\" \/>\n<meta property=\"article:modified_time\" content=\"2025-04-24T13:03:31+00:00\" \/>\n<meta property=\"og:image\" content=\"https:\/\/rzarda.com.tr\/wp-content\/uploads\/2023\/03\/rz-arda-bina.webp\" \/>\n\t<meta property=\"og:image:width\" content=\"700\" \/>\n\t<meta property=\"og:image:height\" content=\"548\" \/>\n\t<meta property=\"og:image:type\" content=\"image\/webp\" \/>\n<meta name=\"twitter:card\" content=\"summary_large_image\" \/>\n<meta name=\"twitter:label1\" content=\"Est. reading time\" \/>\n\t<meta name=\"twitter:data1\" content=\"2 minutes\" \/>\n<script type=\"application\/ld+json\" class=\"yoast-schema-graph\">{\"@context\":\"https:\/\/schema.org\",\"@graph\":[{\"@type\":\"WebPage\",\"@id\":\"https:\/\/rzarda.com.tr\/en\/about-us\/\",\"url\":\"https:\/\/rzarda.com.tr\/en\/about-us\/\",\"name\":\"About Us - RZ Arda \u0130n\u015faat\",\"isPartOf\":{\"@id\":\"https:\/\/rzarda.com.tr\/en\/#website\"},\"primaryImageOfPage\":{\"@id\":\"https:\/\/rzarda.com.tr\/en\/about-us\/#primaryimage\"},\"image\":{\"@id\":\"https:\/\/rzarda.com.tr\/en\/about-us\/#primaryimage\"},\"thumbnailUrl\":\"https:\/\/rzarda.com.tr\/wp-content\/uploads\/2023\/03\/rz-arda-bina.webp\",\"datePublished\":\"2023-03-23T14:50:14+00:00\",\"dateModified\":\"2025-04-24T13:03:31+00:00\",\"description\":\"RZ Arda \u0130n\u015faat olarak, Sakarya'da 600'den fazla ofis, i\u015fyeri, konut ve villa \u00fcreterek kullan\u0131c\u0131lar\u0131n hizmetine sunmu\u015ftur.\",\"breadcrumb\":{\"@id\":\"https:\/\/rzarda.com.tr\/en\/about-us\/#breadcrumb\"},\"inLanguage\":\"en-US\",\"potentialAction\":[{\"@type\":\"ReadAction\",\"target\":[\"https:\/\/rzarda.com.tr\/en\/about-us\/\"]}]},{\"@type\":\"ImageObject\",\"inLanguage\":\"en-US\",\"@id\":\"https:\/\/rzarda.com.tr\/en\/about-us\/#primaryimage\",\"url\":\"https:\/\/rzarda.com.tr\/wp-content\/uploads\/2023\/03\/rz-arda-bina.webp\",\"contentUrl\":\"https:\/\/rzarda.com.tr\/wp-content\/uploads\/2023\/03\/rz-arda-bina.webp\"},{\"@type\":\"BreadcrumbList\",\"@id\":\"https:\/\/rzarda.com.tr\/en\/about-us\/#breadcrumb\",\"itemListElement\":[{\"@type\":\"ListItem\",\"position\":1,\"name\":\"Anasayfa\",\"item\":\"https:\/\/rzarda.com.tr\/en\/\"},{\"@type\":\"ListItem\",\"position\":2,\"name\":\"About Us\"}]},{\"@type\":\"WebSite\",\"@id\":\"https:\/\/rzarda.com.tr\/en\/#website\",\"url\":\"https:\/\/rzarda.com.tr\/en\/\",\"name\":\"RZ Arda \u0130n\u015faat\",\"description\":\"Sakarya \u0130n\u015faat Firmas\u0131\",\"publisher\":{\"@id\":\"https:\/\/rzarda.com.tr\/en\/#organization\"},\"potentialAction\":[{\"@type\":\"SearchAction\",\"target\":{\"@type\":\"EntryPoint\",\"urlTemplate\":\"https:\/\/rzarda.com.tr\/en\/?s={search_term_string}\"},\"query-input\":{\"@type\":\"PropertyValueSpecification\",\"valueRequired\":true,\"valueName\":\"search_term_string\"}}],\"inLanguage\":\"en-US\"},{\"@type\":\"Organization\",\"@id\":\"https:\/\/rzarda.com.tr\/en\/#organization\",\"name\":\"RZ Arda \u0130n\u015faat\",\"url\":\"https:\/\/rzarda.com.tr\/en\/\",\"logo\":{\"@type\":\"ImageObject\",\"inLanguage\":\"en-US\",\"@id\":\"https:\/\/rzarda.com.tr\/en\/#\/schema\/logo\/image\/\",\"url\":\"https:\/\/rzarda.com.tr\/wp-content\/uploads\/2023\/03\/logo.png\",\"contentUrl\":\"https:\/\/rzarda.com.tr\/wp-content\/uploads\/2023\/03\/logo.png\",\"width\":130,\"height\":92,\"caption\":\"RZ Arda \u0130n\u015faat\"},\"image\":{\"@id\":\"https:\/\/rzarda.com.tr\/en\/#\/schema\/logo\/image\/\"}}]}<\/script>\n<!-- \/ Yoast SEO plugin. -->","yoast_head_json":{"title":"About Us - RZ Arda \u0130n\u015faat","description":"RZ Arda \u0130n\u015faat olarak, Sakarya'da 600'den fazla ofis, i\u015fyeri, konut ve villa \u00fcreterek kullan\u0131c\u0131lar\u0131n hizmetine sunmu\u015ftur.","robots":{"index":"index","follow":"follow","max-snippet":"max-snippet:-1","max-image-preview":"max-image-preview:large","max-video-preview":"max-video-preview:-1"},"canonical":"https:\/\/rzarda.com.tr\/en\/about-us\/","og_locale":"en_US","og_type":"article","og_title":"About Us - RZ Arda \u0130n\u015faat","og_description":"RZ Arda \u0130n\u015faat olarak, Sakarya'da 600'den fazla ofis, i\u015fyeri, konut ve villa \u00fcreterek kullan\u0131c\u0131lar\u0131n hizmetine sunmu\u015ftur.","og_url":"https:\/\/rzarda.com.tr\/en\/about-us\/","og_site_name":"RZ Arda \u0130n\u015faat","article_modified_time":"2025-04-24T13:03:31+00:00","og_image":[{"width":700,"height":548,"url":"https:\/\/rzarda.com.tr\/wp-content\/uploads\/2023\/03\/rz-arda-bina.webp","type":"image\/webp"}],"twitter_card":"summary_large_image","twitter_misc":{"Est. reading time":"2 minutes"},"schema":{"@context":"https:\/\/schema.org","@graph":[{"@type":"WebPage","@id":"https:\/\/rzarda.com.tr\/en\/about-us\/","url":"https:\/\/rzarda.com.tr\/en\/about-us\/","name":"About Us - RZ Arda \u0130n\u015faat","isPartOf":{"@id":"https:\/\/rzarda.com.tr\/en\/#website"},"primaryImageOfPage":{"@id":"https:\/\/rzarda.com.tr\/en\/about-us\/#primaryimage"},"image":{"@id":"https:\/\/rzarda.com.tr\/en\/about-us\/#primaryimage"},"thumbnailUrl":"https:\/\/rzarda.com.tr\/wp-content\/uploads\/2023\/03\/rz-arda-bina.webp","datePublished":"2023-03-23T14:50:14+00:00","dateModified":"2025-04-24T13:03:31+00:00","description":"RZ Arda \u0130n\u015faat olarak, Sakarya'da 600'den fazla ofis, i\u015fyeri, konut ve villa \u00fcreterek kullan\u0131c\u0131lar\u0131n hizmetine sunmu\u015ftur.","breadcrumb":{"@id":"https:\/\/rzarda.com.tr\/en\/about-us\/#breadcrumb"},"inLanguage":"en-US","potentialAction":[{"@type":"ReadAction","target":["https:\/\/rzarda.com.tr\/en\/about-us\/"]}]},{"@type":"ImageObject","inLanguage":"en-US","@id":"https:\/\/rzarda.com.tr\/en\/about-us\/#primaryimage","url":"https:\/\/rzarda.com.tr\/wp-content\/uploads\/2023\/03\/rz-arda-bina.webp","contentUrl":"https:\/\/rzarda.com.tr\/wp-content\/uploads\/2023\/03\/rz-arda-bina.webp"},{"@type":"BreadcrumbList","@id":"https:\/\/rzarda.com.tr\/en\/about-us\/#breadcrumb","itemListElement":[{"@type":"ListItem","position":1,"name":"Anasayfa","item":"https:\/\/rzarda.com.tr\/en\/"},{"@type":"ListItem","position":2,"name":"About Us"}]},{"@type":"WebSite","@id":"https:\/\/rzarda.com.tr\/en\/#website","url":"https:\/\/rzarda.com.tr\/en\/","name":"RZ Arda \u0130n\u015faat","description":"Sakarya \u0130n\u015faat Firmas\u0131","publisher":{"@id":"https:\/\/rzarda.com.tr\/en\/#organization"},"potentialAction":[{"@type":"SearchAction","target":{"@type":"EntryPoint","urlTemplate":"https:\/\/rzarda.com.tr\/en\/?s={search_term_string}"},"query-input":{"@type":"PropertyValueSpecification","valueRequired":true,"valueName":"search_term_string"}}],"inLanguage":"en-US"},{"@type":"Organization","@id":"https:\/\/rzarda.com.tr\/en\/#organization","name":"RZ Arda \u0130n\u015faat","url":"https:\/\/rzarda.com.tr\/en\/","logo":{"@type":"ImageObject","inLanguage":"en-US","@id":"https:\/\/rzarda.com.tr\/en\/#\/schema\/logo\/image\/","url":"https:\/\/rzarda.com.tr\/wp-content\/uploads\/2023\/03\/logo.png","contentUrl":"https:\/\/rzarda.com.tr\/wp-content\/uploads\/2023\/03\/logo.png","width":130,"height":92,"caption":"RZ Arda \u0130n\u015faat"},"image":{"@id":"https:\/\/rzarda.com.tr\/en\/#\/schema\/logo\/image\/"}}]}},"_links":{"self":[{"href":"https:\/\/rzarda.com.tr\/en\/wp-json\/wp\/v2\/pages\/12290","targetHints":{"allow":["GET"]}}],"collection":[{"href":"https:\/\/rzarda.com.tr\/en\/wp-json\/wp\/v2\/pages"}],"about":[{"href":"https:\/\/rzarda.com.tr\/en\/wp-json\/wp\/v2\/types\/page"}],"author":[{"embeddable":true,"href":"https:\/\/rzarda.com.tr\/en\/wp-json\/wp\/v2\/users\/1"}],"replies":[{"embeddable":true,"href":"https:\/\/rzarda.com.tr\/en\/wp-json\/wp\/v2\/comments?post=12290"}],"version-history":[{"count":4,"href":"https:\/\/rzarda.com.tr\/en\/wp-json\/wp\/v2\/pages\/12290\/revisions"}],"predecessor-version":[{"id":12295,"href":"https:\/\/rzarda.com.tr\/en\/wp-json\/wp\/v2\/pages\/12290\/revisions\/12295"}],"wp:attachment":[{"href":"https:\/\/rzarda.com.tr\/en\/wp-json\/wp\/v2\/media?parent=12290"}],"curies":[{"name":"wp","href":"https:\/\/api.w.org\/{rel}","templated":true}]}}